{"id":7989,"date":"2023-03-17T08:00:23","date_gmt":"2023-03-17T08:00:23","guid":{"rendered":"http:\/\/utopiablu.gr\/?page_id=7989"},"modified":"2023-03-17T08:01:28","modified_gmt":"2023-03-17T08:01:28","slug":"hotel-video","status":"publish","type":"page","link":"https:\/\/utopiablu.gr\/fr\/hotel-video\/","title":{"rendered":"(English) Hotel Video"},"content":{"rendered":"<p class=\"qtranxs-available-languages-message qtranxs-available-languages-message-fr\">D\u00e9sol\u00e9, cet article est seulement disponible en <a href=\"https:\/\/utopiablu.gr\/en\/wp-json\/wp\/v2\/pages\/7989\" class=\"qtranxs-available-language-link qtranxs-available-language-link-en\" title=\"English\">Anglais Am\u00e9ricain<\/a>.<\/p>","protected":false},"excerpt":{"rendered":"<p>D\u00e9sol\u00e9, cet article est seulement disponible en Anglais Am\u00e9ricain.<\/p>\n","protected":false},"author":1,"featured_media":0,"parent":0,"menu_order":0,"comment_status":"closed","ping_status":"closed","template":"","meta":{"footnotes":""},"_links":{"self":[{"href":"https:\/\/utopiablu.gr\/fr\/wp-json\/wp\/v2\/pages\/7989"}],"collection":[{"href":"https:\/\/utopiablu.gr\/fr\/wp-json\/wp\/v2\/pages"}],"about":[{"href":"https:\/\/utopiablu.gr\/fr\/wp-json\/wp\/v2\/types\/page"}],"author":[{"embeddable":true,"href":"https:\/\/utopiablu.gr\/fr\/wp-json\/wp\/v2\/users\/1"}],"replies":[{"embeddable":true,"href":"https:\/\/utopiablu.gr\/fr\/wp-json\/wp\/v2\/comments?post=7989"}],"version-history":[{"count":3,"href":"https:\/\/utopiablu.gr\/fr\/wp-json\/wp\/v2\/pages\/7989\/revisions"}],"predecessor-version":[{"id":7992,"href":"https:\/\/utopiablu.gr\/fr\/wp-json\/wp\/v2\/pages\/7989\/revisions\/7992"}],"wp:attachment":[{"href":"https:\/\/utopiablu.gr\/fr\/wp-json\/wp\/v2\/media?parent=7989"}],"curies":[{"name":"wp","href":"https:\/\/api.w.org\/{rel}","templated":true}]}}