{"id":7931,"date":"2022-10-31T05:50:28","date_gmt":"2022-10-31T05:50:28","guid":{"rendered":"http:\/\/utopiablu.gr\/?page_id=7931"},"modified":"2025-07-24T11:32:30","modified_gmt":"2025-07-24T11:32:30","slug":"faqs","status":"publish","type":"page","link":"https:\/\/utopiablu.gr\/fr\/faqs\/","title":{"rendered":"(English) FAQ&#8217;s"},"content":{"rendered":"<p class=\"qtranxs-available-languages-message qtranxs-available-languages-message-fr\">D\u00e9sol\u00e9, cet article est seulement disponible en <a href=\"https:\/\/utopiablu.gr\/en\/wp-json\/wp\/v2\/pages\/7931\" class=\"qtranxs-available-language-link qtranxs-available-language-link-en\" title=\"English\">Anglais Am\u00e9ricain<\/a>.<\/p>","protected":false},"excerpt":{"rendered":"<p>D\u00e9sol\u00e9, cet article est seulement disponible en Anglais Am\u00e9ricain.<\/p>\n","protected":false},"author":1,"featured_media":0,"parent":0,"menu_order":0,"comment_status":"closed","ping_status":"closed","template":"","meta":{"footnotes":""},"_links":{"self":[{"href":"https:\/\/utopiablu.gr\/fr\/wp-json\/wp\/v2\/pages\/7931"}],"collection":[{"href":"https:\/\/utopiablu.gr\/fr\/wp-json\/wp\/v2\/pages"}],"about":[{"href":"https:\/\/utopiablu.gr\/fr\/wp-json\/wp\/v2\/types\/page"}],"author":[{"embeddable":true,"href":"https:\/\/utopiablu.gr\/fr\/wp-json\/wp\/v2\/users\/1"}],"replies":[{"embeddable":true,"href":"https:\/\/utopiablu.gr\/fr\/wp-json\/wp\/v2\/comments?post=7931"}],"version-history":[{"count":11,"href":"https:\/\/utopiablu.gr\/fr\/wp-json\/wp\/v2\/pages\/7931\/revisions"}],"predecessor-version":[{"id":8046,"href":"https:\/\/utopiablu.gr\/fr\/wp-json\/wp\/v2\/pages\/7931\/revisions\/8046"}],"wp:attachment":[{"href":"https:\/\/utopiablu.gr\/fr\/wp-json\/wp\/v2\/media?parent=7931"}],"curies":[{"name":"wp","href":"https:\/\/api.w.org\/{rel}","templated":true}]}}